{"id":1650,"date":"2021-02-15T18:05:35","date_gmt":"2021-02-15T17:05:35","guid":{"rendered":"http:\/\/www.datastore-3.com\/netvox-courtier-3\/?page_id=1650"},"modified":"2021-02-15T18:05:35","modified_gmt":"2021-02-15T17:05:35","slug":"mentions-legales","status":"publish","type":"page","link":"http:\/\/www.datastore-3.com\/netvox-courtier-3\/mentions-legales\/","title":{"rendered":"Mentions l\u00e9gales"},"content":{"rendered":"<p>[vc_row full_width=\u00a0\u00bbstretch_row\u00a0\u00bb custom_svg_color=\u00a0\u00bb#ffffff\u00a0\u00bb el_class=\u00a0\u00bbsgnx-page-header sgnx-page-header-illustration\u00a0\u00bb][vc_column][vc_row_inner el_class=\u00a0\u00bbbg-cover-mask\u00a0\u00bb css=\u00a0\u00bb.vc_custom_1606735028853{background-position: center !important;background-repeat: no-repeat !important;background-size: contain !important;}\u00a0\u00bb][vc_column_inner css=\u00a0\u00bb.vc_custom_1606735059109{background-image: url(http:\/\/www.datastore-3.com\/netvox-courtier-3\/wp-content\/uploads\/2020\/11\/header-agence.png?id=1208) !important;background-position: center !important;background-repeat: no-repeat !important;background-size: contain !important;}\u00a0\u00bb][\/vc_column_inner][\/vc_row_inner][vc_custom_heading source=\u00a0\u00bbpost_title\u00a0\u00bb font_container=\u00a0\u00bbtag:h1|text_align:left\u00a0\u00bb use_theme_fonts=\u00a0\u00bbyes\u00a0\u00bb][\/vc_column][\/vc_row][vc_row][vc_column][sgnx_breadcrumb][\/vc_column][\/vc_row][vc_row full_width=\u00a0\u00bbstretch_row\u00a0\u00bb sgnx_bg_color=\u00a0\u00bblight\u00a0\u00bb custom_svg_color=\u00a0\u00bb#efefef\u00a0\u00bb][vc_column][sgnx_spacer spacer_size=\u00a0\u00bbsgnx-spacer&#8211;md\u00a0\u00bb][vc_column_text]Selon la loi n\u00b0 2004-575 du 21 juin 2004 pour la confiance en l\u2019\u00e9conomie num\u00e9rique l\u2019utilisateur du site\u00a0<a href=\"https:\/\/www.nomdusite.com\/\">www.nomdusite.com<\/a>\u00a0trouvera ci-dessous les informations concernant l\u2019\u00e9diteur.<\/p>\n<p>&nbsp;<\/p>\n<h3>1- PR\u00c9SENTATION DU SITE<\/h3>\n<p>Ce site est la propri\u00e9t\u00e9 du courtier \u00ab\u00a0Nom du courtier\u00a0\u00bb, \u00ab\u00a0raison sociale\u00a0\u00bb au capital social de \u00a0\u2026 euros, immatricul\u00e9e au \u2026 sous le num\u00e9ro \u2026<\/p>\n<p><strong>Si\u00e8ge social : <\/strong>\u00ab\u00a0Nom du courtier\u00a0\u00bb \u2013 Adresse \u2013France<br \/>\n<strong>T\u00e9l. :<\/strong> 09 &#8230;<br \/>\n<strong>Email :<\/strong> contact@nomdusite.com<br \/>\n<strong>TVA intracommunautaire :<\/strong>\u00a0\u2026<\/p>\n<p><strong>Directeur de la publication :<\/strong>\u00a0\u2026<\/p>\n<p><strong>Int\u00e9gration et \u00a0d\u00e9veloppement :<\/strong>\u00a0Agence digitale STARGRAF<\/p>\n<p><strong>H\u00e9bergement :\u00a0<\/strong>Le site internet www.stargraf.com est h\u00e9berg\u00e9 sur les mat\u00e9riels informatiques de la soci\u00e9t\u00e9 OVH dont le si\u00e8ge social est : 2 rue Kellermann \u2013 59100 Roubaix \u2013 France.<\/p>\n<p>&nbsp;<\/p>\n<h3>2- PUBLICATION, DROIT D\u2019AUTEUR ET RESPONSABILIT\u00c9S<\/h3>\n<p><strong>Propri\u00e9t\u00e9 intellectuelle<\/strong><br \/>\nL\u2019ensemble du site <a href=\"https:\/\/www.nomdusite.com\/\">www.nomdusite.com<\/a> rel\u00e8ve de la l\u00e9gislation fran\u00e7aise sur le droit d\u2019auteur et la propri\u00e9t\u00e9 intellectuelle. \u00ab\u00a0Nom du courtier\u00a0\u00bb est propri\u00e9taire des droits de propri\u00e9t\u00e9 intellectuelle ou d\u00e9tient les droits d\u2019usage sur tous les \u00e9l\u00e9ments accessibles sur le site. Toute reproduction partielle ou totale du pr\u00e9sent site et des \u00e9l\u00e9ments qu\u2019il contient est strictement interdite sans une autorisation \u00e9crite au pr\u00e9alable de \u00ab\u00a0Nom du courtier\u00a0\u00bb.<\/p>\n<p><strong>Contenu et gestion du site<\/strong><br \/>\nLes informations fournies sur le site <a href=\"https:\/\/www.nomdusite.com\/\">www.nomdusite.com<\/a> sont communiqu\u00e9es \u00e0 titre indicatif et non contractuel. Malgr\u00e9 tout le soin apport\u00e9 par \u00ab\u00a0Nom du courtier\u00a0\u00bb dans la r\u00e9daction de ses contenus, dans un souci de fiabilit\u00e9, \u00ab\u00a0Nom du courtier\u00a0\u00bb ne peut garantir l\u2019exactitude, la pr\u00e9cision ou l\u2019exhaustivit\u00e9 des informations mises \u00e0 disposition sur ce site. En cons\u00e9quence, \u00ab\u00a0Nom du courtier\u00a0\u00bb d\u00e9cline toute responsabilit\u00e9 pour toute impr\u00e9cision, inexactitude ou omission portant sur des informations disponibles sur ce site. De plus, \u00ab\u00a0Nom du courtier\u00a0\u00bb se r\u00e9serve le droit de corriger \u00e0 tout moment et sans pr\u00e9avis le contenu de son site. Pour cela, le site <a href=\"https:\/\/www.nomdusite.com\/\">www.nomdusite.com<\/a>\u00a0pourra \u00eatre interrompu pour raison de maintenance technique.<\/p>\n<p><strong>Liens hypertextes<\/strong><br \/>\nDe la m\u00eame fa\u00e7on, tous les liens vers d\u2019autres sites qui sont propos\u00e9s aux utilisateurs n\u2019engagent en aucun cas la responsabilit\u00e9 de \u00ab\u00a0Nom du courtier\u00a0\u00bb qui ne peut contr\u00f4ler ces sites. \u00ab\u00a0Nom du courtier\u00a0\u00bb d\u00e9cline toute responsabilit\u00e9 quant au contenu des informations fournies sur les sites qui ne lui appartiennent pas.<\/p>\n<p>&nbsp;<\/p>\n<h3>3- GESTION DES DONN\u00c9ES PERSONNELLES<\/h3>\n<p>L\u2019utilisateur est inform\u00e9 des r\u00e9glementations concernant la communication marketing, la loi du 21 Juin 2014 pour la confiance dans l\u2019Economie Num\u00e9rique, la Loi Informatique et Libert\u00e9 du 06 Ao\u00fbt 2004 ainsi que du R\u00e8glement G\u00e9n\u00e9ral sur la Protection des Donn\u00e9es (RGPD : n\u00b0 2016-679).<\/p>\n<p><strong>Finalit\u00e9 des donn\u00e9es collectives<\/strong><br \/>\n\u00c0 l\u2019occasion de l\u2019utilisation du site <a href=\"https:\/\/www.nomdusite.com\/\">www.nomdusite.com<\/a>, peuvent \u00eatres recueillies : l\u2019URL des liens par l\u2019interm\u00e9diaire desquels l\u2019utilisateur a acc\u00e9d\u00e9 au site, le fournisseur d\u2019acc\u00e8s de l\u2019utilisateur, l\u2019adresse de protocole Internet (IP) de l\u2019utilisateur.<br \/>\nEn cas de fourniture par l\u2019interm\u00e9diaire de ce site de donn\u00e9es personnelles nominatives, ces derni\u00e8res sont destin\u00e9es exclusivement \u00e0 la soci\u00e9t\u00e9 \u00ab\u00a0Nom du courtier\u00a0\u00bb et ne pourront \u00eatre ni revendues ni c\u00e9d\u00e9es \u00e0 un tiers. Les fournitures donn\u00e9es lors du formulaire de contact permettent \u00e0 la soci\u00e9t\u00e9 \u00ab\u00a0Nom du courtier\u00a0\u00bb de vous r\u00e9pondre. L\u2019utilisateur fournit ces informations en toute connaissance de cause.<\/p>\n<p><strong>Droit d\u2019acc\u00e8s, de rectification et d\u2019opposition<\/strong><br \/>\nLe responsable du traitement est la soci\u00e9t\u00e9 \u00ab\u00a0Nom du courtier\u00a0\u00bb.<br \/>\nConform\u00e9ment \u00e0 la loi \u00ab Informatique et Libert\u00e9s \u00bb n\u00b0 78-17 du 6 janvier 1978, vous disposez du droit de demander au responsable du traitement l\u2019acc\u00e8s aux donn\u00e9es \u00e0 caract\u00e8re personnel, la rectification ou l\u2019effacement de celles-ci, ou une limitation du traitement relatif \u00e0 la personne concern\u00e9e, ou du droit de s\u2019opposer au traitement et du droit \u00e0 la portabilit\u00e9 des donn\u00e9es.<br \/>\nVous avez \u00e9galement le droit d\u2019introduire une r\u00e9clamation aupr\u00e8s d\u2019une autorit\u00e9 de contr\u00f4le.<\/p>\n<p><strong>Destinataires des donn\u00e9es<\/strong><br \/>\nLes informations recueillies sur ce site font l\u2019objet d\u2019un traitement informatique destin\u00e9 \u00e0 l\u2019usage exclusif de \u00ab\u00a0Nom du courtier\u00a0\u00bb.<\/p>\n<p>&nbsp;<\/p>\n<h3>4- COOKIES<\/h3>\n<p>La navigation sur le site <a href=\"https:\/\/www.nomdusite.com\/\">www.nomdusite.com<\/a>\u00a0est susceptible de provoquer l\u2019installation de cookie(s) sur l\u2019ordinateur de l\u2019utilisateur. Un cookie est un traceur permettant d\u2019analyser le comportement des internautes, comme par exemple leurs navigations, leurs habitudes de consommation, leurs d\u00e9placements\u2026Il ne permet pas l\u2019identification de l\u2019utilisateur mais aide \u00e0 la navigation ult\u00e9rieure sur le site et permet des mesures de fr\u00e9quentation.<\/p>\n<p>Les cookies peuvent \u00eatre d\u00e9sactiv\u00e9s via les options du navigateur. Le refus d\u2019installation d\u2019un cookie peut limiter la navigation sur le site et rendre certains services inaccessibles.<\/p>\n<p>&nbsp;<\/p>\n<h3>5- AVERTISSEMENT L\u00c9GAL AUX UTILISATEURS<\/h3>\n<p>L\u2019utilisateur du site <a href=\"https:\/\/www.nomdusite.com\/\">www.nomdusite.com<\/a> reconna\u00eet avoir pris connaissance des pr\u00e9sentes conditions d\u2019utilisation de son site et ainsi de se servir de ces informations sous sa responsabilit\u00e9 exclusive. Ces conditions \u00e9tant susceptibles d\u2019\u00eatre modifi\u00e9es ou compl\u00e9t\u00e9es \u00e0 tout moment, les utilisateurs du site <a href=\"https:\/\/www.nomdusite.com\/\">www.nomdusite.com<\/a>\u00a0sont invit\u00e9s \u00e0 les consulter r\u00e9guli\u00e8rement.[\/vc_column_text][sgnx_spacer spacer_size=\u00a0\u00bbsgnx-spacer&#8211;md\u00a0\u00bb][\/vc_column][\/vc_row]<\/p>\n","protected":false},"excerpt":{"rendered":"<p>[vc_row full_width=\u00a0\u00bbstretch_row\u00a0\u00bb custom_svg_color=\u00a0\u00bb#ffffff\u00a0\u00bb el_class=\u00a0\u00bbsgnx-page-header sgnx-page-header-illustration\u00a0\u00bb][vc_column][vc_row_inner el_class=\u00a0\u00bbbg-cover-mask\u00a0\u00bb css=\u00a0\u00bb.vc_custom_1606735028853{background-position: center !important;background-repeat: no-repeat !important;background-size: contain !important;}\u00a0\u00bb][vc_column_inner css=\u00a0\u00bb.vc_custom_1606735059109{background-image: url(http:\/\/www.datastore-3.com\/netvox-courtier-3\/wp-content\/uploads\/2020\/11\/header-agence.png?id=1208) !important;background-position: center !important;background-repeat: no-repeat !important;background-size: contain !important;}\u00a0\u00bb][\/vc_column_inner][\/vc_row_inner][vc_custom_heading source=\u00a0\u00bbpost_title\u00a0\u00bb font_container=\u00a0\u00bbtag:h1|text_align:left\u00a0\u00bb use_theme_fonts=\u00a0\u00bbyes\u00a0\u00bb][\/vc_column][\/vc_row][vc_row][vc_column][sgnx_breadcrumb][\/vc_column][\/vc_row][vc_row full_width=\u00a0\u00bbstretch_row\u00a0\u00bb sgnx_bg_color=\u00a0\u00bblight\u00a0\u00bb custom_svg_color=\u00a0\u00bb#efefef\u00a0\u00bb][vc_column][sgnx_spacer spacer_size=\u00a0\u00bbsgnx-spacer&#8211;md\u00a0\u00bb][vc_column_text]Selon la loi n\u00b0 2004-575 du 21 juin 2004 pour la confiance en l\u2019\u00e9conomie num\u00e9rique l\u2019utilisateur du site\u00a0www.nomdusite.com\u00a0trouvera ci-dessous les informations concernant l\u2019\u00e9diteur. &nbsp; 1- PR\u00c9SENTATION DU [&hellip;]<\/p>\n","protected":false},"author":1,"featured_media":0,"parent":0,"menu_order":0,"comment_status":"closed","ping_status":"closed","template":"","meta":[],"yoast_head":"<!-- This site is optimized with the Yoast SEO plugin v16.2 - https:\/\/yoast.com\/wordpress\/plugins\/seo\/ -->\n<title>Mentions l\u00e9gales - Netvox - Courtier 3<\/title>\n<meta name=\"robots\" content=\"index, follow, max-snippet:-1, max-image-preview:large, max-video-preview:-1\" \/>\n<link rel=\"canonical\" href=\"http:\/\/www.datastore-3.com\/netvox-courtier-3\/mentions-legales\/\" \/>\n<meta property=\"og:locale\" content=\"fr_FR\" \/>\n<meta property=\"og:type\" content=\"article\" \/>\n<meta property=\"og:title\" content=\"Mentions l\u00e9gales - Netvox - Courtier 3\" \/>\n<meta property=\"og:description\" content=\"[vc_row full_width=\u00a0\u00bbstretch_row\u00a0\u00bb custom_svg_color=\u00a0\u00bb#ffffff\u00a0\u00bb el_class=\u00a0\u00bbsgnx-page-header sgnx-page-header-illustration\u00a0\u00bb][vc_column][vc_row_inner el_class=\u00a0\u00bbbg-cover-mask\u00a0\u00bb css=\u00a0\u00bb.vc_custom_1606735028853{background-position: center !important;background-repeat: no-repeat !important;background-size: contain !important;}\u00a0\u00bb][vc_column_inner css=\u00a0\u00bb.vc_custom_1606735059109{background-image: url(http:\/\/www.datastore-3.com\/netvox-courtier-3\/wp-content\/uploads\/2020\/11\/header-agence.png?id=1208) !important;background-position: center !important;background-repeat: no-repeat !important;background-size: contain !important;}\u00a0\u00bb][\/vc_column_inner][\/vc_row_inner][vc_custom_heading source=\u00a0\u00bbpost_title\u00a0\u00bb font_container=\u00a0\u00bbtag:h1|text_align:left\u00a0\u00bb use_theme_fonts=\u00a0\u00bbyes\u00a0\u00bb][\/vc_column][\/vc_row][vc_row][vc_column][sgnx_breadcrumb][\/vc_column][\/vc_row][vc_row full_width=\u00a0\u00bbstretch_row\u00a0\u00bb sgnx_bg_color=\u00a0\u00bblight\u00a0\u00bb custom_svg_color=\u00a0\u00bb#efefef\u00a0\u00bb][vc_column][sgnx_spacer spacer_size=\u00a0\u00bbsgnx-spacer&#8211;md\u00a0\u00bb][vc_column_text]Selon la loi n\u00b0 2004-575 du 21 juin 2004 pour la confiance en l\u2019\u00e9conomie num\u00e9rique l\u2019utilisateur du site\u00a0www.nomdusite.com\u00a0trouvera ci-dessous les informations concernant l\u2019\u00e9diteur. &nbsp; 1- PR\u00c9SENTATION DU [&hellip;]\" \/>\n<meta property=\"og:url\" content=\"http:\/\/www.datastore-3.com\/netvox-courtier-3\/mentions-legales\/\" \/>\n<meta property=\"og:site_name\" content=\"Netvox - Courtier 3\" \/>\n<meta name=\"twitter:card\" content=\"summary_large_image\" \/>\n<meta name=\"twitter:label1\" content=\"Dur\u00e9e de lecture est.\">\n\t<meta name=\"twitter:data1\" content=\"5 minutes\">\n<script type=\"application\/ld+json\" class=\"yoast-schema-graph\">{\"@context\":\"https:\/\/schema.org\",\"@graph\":[{\"@type\":\"WebSite\",\"@id\":\"http:\/\/www.datastore-3.com\/netvox-courtier-3\/#website\",\"url\":\"http:\/\/www.datastore-3.com\/netvox-courtier-3\/\",\"name\":\"Netvox - Courtier 3\",\"description\":\"Site courtier : template 3\",\"potentialAction\":[{\"@type\":\"SearchAction\",\"target\":\"http:\/\/www.datastore-3.com\/netvox-courtier-3\/?s={search_term_string}\",\"query-input\":\"required name=search_term_string\"}],\"inLanguage\":\"fr-FR\"},{\"@type\":\"WebPage\",\"@id\":\"http:\/\/www.datastore-3.com\/netvox-courtier-3\/mentions-legales\/#webpage\",\"url\":\"http:\/\/www.datastore-3.com\/netvox-courtier-3\/mentions-legales\/\",\"name\":\"Mentions l\\u00e9gales - Netvox - Courtier 3\",\"isPartOf\":{\"@id\":\"http:\/\/www.datastore-3.com\/netvox-courtier-3\/#website\"},\"datePublished\":\"2021-02-15T17:05:35+00:00\",\"dateModified\":\"2021-02-15T17:05:35+00:00\",\"breadcrumb\":{\"@id\":\"http:\/\/www.datastore-3.com\/netvox-courtier-3\/mentions-legales\/#breadcrumb\"},\"inLanguage\":\"fr-FR\",\"potentialAction\":[{\"@type\":\"ReadAction\",\"target\":[\"http:\/\/www.datastore-3.com\/netvox-courtier-3\/mentions-legales\/\"]}]},{\"@type\":\"BreadcrumbList\",\"@id\":\"http:\/\/www.datastore-3.com\/netvox-courtier-3\/mentions-legales\/#breadcrumb\",\"itemListElement\":[{\"@type\":\"ListItem\",\"position\":1,\"item\":{\"@type\":\"WebPage\",\"@id\":\"http:\/\/www.datastore-3.com\/netvox-courtier-3\/\",\"url\":\"http:\/\/www.datastore-3.com\/netvox-courtier-3\/\",\"name\":\"home\"}},{\"@type\":\"ListItem\",\"position\":2,\"item\":{\"@id\":\"http:\/\/www.datastore-3.com\/netvox-courtier-3\/mentions-legales\/#webpage\"}}]}]}<\/script>\n<!-- \/ Yoast SEO plugin. -->","_links":{"self":[{"href":"http:\/\/www.datastore-3.com\/netvox-courtier-3\/wp-json\/wp\/v2\/pages\/1650"}],"collection":[{"href":"http:\/\/www.datastore-3.com\/netvox-courtier-3\/wp-json\/wp\/v2\/pages"}],"about":[{"href":"http:\/\/www.datastore-3.com\/netvox-courtier-3\/wp-json\/wp\/v2\/types\/page"}],"author":[{"embeddable":true,"href":"http:\/\/www.datastore-3.com\/netvox-courtier-3\/wp-json\/wp\/v2\/users\/1"}],"replies":[{"embeddable":true,"href":"http:\/\/www.datastore-3.com\/netvox-courtier-3\/wp-json\/wp\/v2\/comments?post=1650"}],"version-history":[{"count":1,"href":"http:\/\/www.datastore-3.com\/netvox-courtier-3\/wp-json\/wp\/v2\/pages\/1650\/revisions"}],"predecessor-version":[{"id":1651,"href":"http:\/\/www.datastore-3.com\/netvox-courtier-3\/wp-json\/wp\/v2\/pages\/1650\/revisions\/1651"}],"wp:attachment":[{"href":"http:\/\/www.datastore-3.com\/netvox-courtier-3\/wp-json\/wp\/v2\/media?parent=1650"}],"curies":[{"name":"wp","href":"https:\/\/api.w.org\/{rel}","templated":true}]}}