{"id":2896,"date":"2023-08-11T17:21:23","date_gmt":"2023-08-11T15:21:23","guid":{"rendered":"https:\/\/www.datastore-3.com\/netvox-courtier-2\/?page_id=2896"},"modified":"2023-08-11T17:29:51","modified_gmt":"2023-08-11T15:29:51","slug":"resilier-votre-contrat","status":"publish","type":"page","link":"https:\/\/www.datastore-3.com\/netvox-courtier-2\/resilier-votre-contrat\/","title":{"rendered":"R\u00e9silier votre contrat"},"content":{"rendered":"<p>[vc_row full_width=\u00a0\u00bbstretch_row\u00a0\u00bb custom_svg_color=\u00a0\u00bb#ffffff\u00a0\u00bb el_class=\u00a0\u00bbsgnx-page-header\u00a0\u00bb css=\u00a0\u00bb.vc_custom_1604589210698{background-image: url(http:\/\/www.datastore-3.com\/netvox-courtier-2\/wp-content\/uploads\/2020\/09\/header-contact.jpg?id=387) !important;background-position: center !important;background-repeat: no-repeat !important;background-size: cover !important;}\u00a0\u00bb][vc_column][vc_custom_heading source=\u00a0\u00bbpost_title\u00a0\u00bb font_container=\u00a0\u00bbtag:h1|text_align:left|color:%23ffffff\u00a0\u00bb use_theme_fonts=\u00a0\u00bbyes\u00a0\u00bb el_class=\u00a0\u00bbsgnx-ttu\u00a0\u00bb][\/vc_column][\/vc_row][vc_row full_width=\u00a0\u00bbstretch_row\u00a0\u00bb custom_svg_color=\u00a0\u00bb#efefef\u00a0\u00bb][vc_column][sgnx_breadcrumb el_class=\u00a0\u00bbsgnx-breadcrumb-mneg\u00a0\u00bb][sgnx_spacer spacer_size=\u00a0\u00bbsgnx-spacer&#8211;md\u00a0\u00bb][vc_row_inner el_class=\u00a0\u00bbbg-light\u00a0\u00bb css=\u00a0\u00bb.vc_custom_1691767764921{padding-top: 30px !important;padding-right: 40px !important;padding-bottom: 30px !important;padding-left: 40px !important;}\u00a0\u00bb][vc_column_inner][vc_custom_heading text=\u00a0\u00bbR\u00e9siliation\u00a0\u00bb use_theme_fonts=\u00a0\u00bbyes\u00a0\u00bb]<div role=\"form\" class=\"wpcf7\" id=\"wpcf7-f2895-o1\" lang=\"fr-FR\" dir=\"ltr\">\n<div class=\"screen-reader-response\"><p role=\"status\" aria-live=\"polite\" aria-atomic=\"true\"><\/p> <ul><\/ul><\/div>\n<form action=\"\/netvox-courtier-2\/wp-json\/wp\/v2\/pages\/2896#wpcf7-f2895-o1\" method=\"post\" class=\"wpcf7-form init cf7mls-no-scroll cf7mls-no-moving-animation\" novalidate=\"novalidate\" data-status=\"init\">\n<div style=\"display: none;\">\n<input type=\"hidden\" name=\"_wpcf7\" value=\"2895\" \/>\n<input type=\"hidden\" name=\"_wpcf7_version\" value=\"5.4.1\" \/>\n<input type=\"hidden\" name=\"_wpcf7_locale\" value=\"fr_FR\" \/>\n<input type=\"hidden\" name=\"_wpcf7_unit_tag\" value=\"wpcf7-f2895-o1\" \/>\n<input type=\"hidden\" name=\"_wpcf7_container_post\" value=\"0\" \/>\n<input type=\"hidden\" name=\"_wpcf7_posted_data_hash\" value=\"\" \/>\n<input type=\"hidden\" name=\"_wpcf7cf_hidden_group_fields\" value=\"\" \/>\n<input type=\"hidden\" name=\"_wpcf7cf_hidden_groups\" value=\"\" \/>\n<input type=\"hidden\" name=\"_wpcf7cf_visible_groups\" value=\"\" \/>\n<input type=\"hidden\" name=\"_wpcf7cf_repeaters\" value=\"[]\" \/>\n<input type=\"hidden\" name=\"_wpcf7cf_steps\" value=\"{}\" \/>\n<input type=\"hidden\" name=\"_wpcf7cf_options\" value=\"{&quot;form_id&quot;:2895,&quot;conditions&quot;:[{&quot;then_field&quot;:&quot;vous-etes-part&quot;,&quot;and_rules&quot;:[{&quot;if_field&quot;:&quot;select-vous-etes&quot;,&quot;operator&quot;:&quot;equals&quot;,&quot;if_value&quot;:&quot;Un particulier&quot;}]},{&quot;then_field&quot;:&quot;vous-etes-pro&quot;,&quot;and_rules&quot;:[{&quot;if_field&quot;:&quot;select-vous-etes&quot;,&quot;operator&quot;:&quot;equals&quot;,&quot;if_value&quot;:&quot;Une personne morale (entreprise\\\/association...)&quot;}]},{&quot;then_field&quot;:&quot;group-changement-situation&quot;,&quot;and_rules&quot;:[{&quot;if_field&quot;:&quot;motif-resil&quot;,&quot;operator&quot;:&quot;equals&quot;,&quot;if_value&quot;:&quot;R\\u00e9siliation suite \\u00e0 un changement de situation&quot;}]},{&quot;then_field&quot;:&quot;group-autres&quot;,&quot;and_rules&quot;:[{&quot;if_field&quot;:&quot;motif-resil&quot;,&quot;operator&quot;:&quot;equals&quot;,&quot;if_value&quot;:&quot;Autre(s) motif(s)&quot;}]},{&quot;then_field&quot;:&quot;group-nothing&quot;,&quot;and_rules&quot;:[{&quot;if_field&quot;:&quot;motif-resil&quot;,&quot;operator&quot;:&quot;equals&quot;,&quot;if_value&quot;:&quot;R\\u00e9siliation annuelle \\u00e0 \\u00e9ch\\u00e9ance&quot;}]},{&quot;then_field&quot;:&quot;group-un-an&quot;,&quot;and_rules&quot;:[{&quot;if_field&quot;:&quot;motif-resil&quot;,&quot;operator&quot;:&quot;equals&quot;,&quot;if_value&quot;:&quot;R\\u00e9siliation apr\\u00e8s la premi\\u00e8re ann\\u00e9e du contrat&quot;}]},{&quot;then_field&quot;:&quot;group-vente&quot;,&quot;and_rules&quot;:[{&quot;if_field&quot;:&quot;motif-resil&quot;,&quot;operator&quot;:&quot;equals&quot;,&quot;if_value&quot;:&quot;R\\u00e9siliation suite \\u00e0 la vente ou donation du bien assur\\u00e9&quot;}]},{&quot;then_field&quot;:&quot;group-deces&quot;,&quot;and_rules&quot;:[{&quot;if_field&quot;:&quot;motif-resil&quot;,&quot;operator&quot;:&quot;equals&quot;,&quot;if_value&quot;:&quot;R\\u00e9siliation suite au d\\u00e9c\\u00e8s de l\\u2019assur\\u00e9&quot;}]},{&quot;then_field&quot;:&quot;group-perte&quot;,&quot;and_rules&quot;:[{&quot;if_field&quot;:&quot;motif-resil&quot;,&quot;operator&quot;:&quot;equals&quot;,&quot;if_value&quot;:&quot;R\\u00e9siliation suite \\u00e0 la perte totale du bien assur\\u00e9&quot;}]},{&quot;then_field&quot;:&quot;group-changement-adresse&quot;,&quot;and_rules&quot;:[{&quot;if_field&quot;:&quot;changement-situation&quot;,&quot;operator&quot;:&quot;equals&quot;,&quot;if_value&quot;:&quot;Changement de domicile ou si\\u00e8ge social de l\\u2019entreprise&quot;}]},{&quot;then_field&quot;:&quot;group-changement-matrimonial&quot;,&quot;and_rules&quot;:[{&quot;if_field&quot;:&quot;changement-situation&quot;,&quot;operator&quot;:&quot;equals&quot;,&quot;if_value&quot;:&quot;Changement de situation matrimonial \\\/ r\\u00e9gime matrimonial&quot;}]},{&quot;then_field&quot;:&quot;group-changement-pro&quot;,&quot;and_rules&quot;:[{&quot;if_field&quot;:&quot;changement-situation&quot;,&quot;operator&quot;:&quot;equals&quot;,&quot;if_value&quot;:&quot;Changement d\\u2019activit\\u00e9 professionnelle, d\\u00e9part en retraite ou cessation d\\u2019activit\\u00e9 professionnelle\\u2026&quot;}]},{&quot;then_field&quot;:&quot;group-changement&quot;,&quot;and_rules&quot;:[{&quot;if_field&quot;:&quot;motif-resil&quot;,&quot;operator&quot;:&quot;equals&quot;,&quot;if_value&quot;:&quot;R\\u00e9siliation suite \\u00e0 un changement de situation&quot;}]}],&quot;settings&quot;:{&quot;animation&quot;:&quot;yes&quot;,&quot;animation_intime&quot;:200,&quot;animation_outtime&quot;:200,&quot;conditions_ui&quot;:&quot;normal&quot;,&quot;notice_dismissed&quot;:false}}\" \/>\n<\/div>\n<div class=\"fieldset-cf7mls-wrapper\" data-transition-effects><fieldset class=\"fieldset-cf7mls cf7mls_current_fs\"><div class=\"sgngx-form-rdv\">\n<div class=\"row\">\n<div class=\"col-12 col-md-6\">\n<div class=\"form-group\">\n\t\t\t\t<span class=\"wpcf7-form-control-wrap select-vous-etes\"><select name=\"select-vous-etes\" class=\"wpcf7-form-control wpcf7-select wpcf7-validates-as-required form-control\" id=\"sgnx-form-input-white5\" aria-required=\"true\" aria-invalid=\"false\"><option value=\"\">---<\/option><option value=\"Un particulier\">Un particulier<\/option><option value=\"Une personne morale (entreprise\/association...)\">Une personne morale (entreprise\/association...)<\/option><\/select><\/span><label for=\"sgnx-form-input-white5\">Vous \u00eates... <\/label>\n\t\t\t<\/div>\n<div data-id=\"vous-etes-part\" data-orig_data_id=\"vous-etes-part\"  data-class=\"wpcf7cf_group\">\n<div class=\"form-group\">\n\t\t\t\t<span class=\"wpcf7-form-control-wrap part-nom\"><input type=\"text\" name=\"part-nom\" value=\"\" size=\"40\" class=\"wpcf7-form-control wpcf7-text wpcf7-validates-as-required form-control\" id=\"sgnx-form-input-white2\" aria-required=\"true\" aria-invalid=\"false\" \/><\/span><label for=\"sgnx-form-input-white2\">Nom <span class=\"req\">*<\/span><\/label>\n\t\t\t<\/div>\n<div class=\"form-group\">\n\t\t\t\t<span class=\"wpcf7-form-control-wrap part-prenom\"><input type=\"text\" name=\"part-prenom\" value=\"\" size=\"40\" class=\"wpcf7-form-control wpcf7-text wpcf7-validates-as-required form-control\" id=\"sgnx-form-input-white3\" aria-required=\"true\" aria-invalid=\"false\" \/><\/span><label for=\"sgnx-form-input-white3\">Pr\u00e9nom <span class=\"req\">*<\/span><\/label>\n\t\t\t<\/div>\n<\/div>\n<div data-id=\"vous-etes-pro\" data-orig_data_id=\"vous-etes-pro\"  data-class=\"wpcf7cf_group\">\n<div class=\"form-group\">\n\t\t\t\t<span class=\"wpcf7-form-control-wrap pro-soc\"><input type=\"text\" name=\"pro-soc\" value=\"\" size=\"40\" class=\"wpcf7-form-control wpcf7-text wpcf7-validates-as-required form-control\" id=\"sgnx-form-input-white4\" aria-required=\"true\" aria-invalid=\"false\" \/><\/span><label for=\"sgnx-form-input-white4\">D\u00e9nomination sociale <span class=\"req\">*<\/span><\/label>\n\t\t\t<\/div>\n<div class=\"form-group\">\n\t\t\t\t<span class=\"wpcf7-form-control-wrap pro-siren\"><input type=\"text\" name=\"pro-siren\" value=\"\" size=\"40\" class=\"wpcf7-form-control wpcf7-text wpcf7-validates-as-required form-control\" id=\"sgnx-form-input-white5\" aria-required=\"true\" aria-invalid=\"false\" \/><\/span><label for=\"sgnx-form-input-white5\">Num\u00e9ro SIREN <span class=\"req\">*<\/span><\/label>\n\t\t\t<\/div>\n<\/div>\n<div class=\"form-group\">\n\t\t\t\t<span class=\"wpcf7-form-control-wrap email-663\"><input type=\"email\" name=\"email-663\" value=\"\" size=\"40\" class=\"wpcf7-form-control wpcf7-text wpcf7-email wpcf7-validates-as-required wpcf7-validates-as-email form-control\" id=\"sgnx-form-input-white6\" aria-required=\"true\" aria-invalid=\"false\" \/><\/span><label for=\"sgnx-form-input-white6\">Adresse e-mail <span class=\"req\">*<\/span><\/label><\/p>\n<p style=\"font-size:10px;\">Indiquez-nous ici l\u2019adresse mail sur laquelle vous souhaitez recevoir l\u2019accus\u00e9 r\u00e9ception de votre demande de r\u00e9siliation<\/p>\n<\/div>\n<div class=\"form-group\">\n\t\t\t\t<span class=\"wpcf7-form-control-wrap num-contrat\"><input type=\"text\" name=\"num-contrat\" value=\"\" size=\"40\" class=\"wpcf7-form-control wpcf7-text wpcf7-validates-as-required form-control\" id=\"sgnx-form-input-white7\" aria-required=\"true\" aria-invalid=\"false\" \/><\/span><label for=\"sgnx-form-input-white7\">Num\u00e9ro de contrat <span class=\"req\">*<\/span><\/label>\n\t\t\t<\/div>\n<div class=\"form-group\">\n\t\t\t\t<span class=\"wpcf7-form-control-wrap risque-couvert\"><select name=\"risque-couvert\" class=\"wpcf7-form-control wpcf7-select wpcf7-validates-as-required form-control\" id=\"sgnx-form-input-white8\" aria-required=\"true\" aria-invalid=\"false\"><option value=\"\">---<\/option><option value=\"Automobile\">Automobile<\/option><option value=\"2 - 3 roues\">2 - 3 roues<\/option><option value=\"Sant\u00e9 Animale\">Sant\u00e9 Animale<\/option><option value=\"Multi risque Habitation\">Multi risque Habitation<\/option><option value=\"Multi risque professionnel\">Multi risque professionnel<\/option><option value=\"Sant\u00e9\">Sant\u00e9<\/option><option value=\"Accident de la vie\">Accident de la vie<\/option><\/select><\/span><label for=\"sgnx-form-input-white8\">Risque couvert <span class=\"req\">*<\/span><\/label>\n\t\t\t<\/div>\n<div class=\"form-group form-group-date\">\n\t\t\t\t<span class=\"wpcf7-form-control-wrap date-souscription\"><input type=\"date\" name=\"date-souscription\" value=\"\" class=\"wpcf7-form-control wpcf7-date wpcf7-validates-as-required wpcf7-validates-as-date form-control\" id=\"sgnx-form-input-white9\" max=\"2026-04-12\" aria-required=\"true\" aria-invalid=\"false\" \/><\/span><label for=\"sgnx-form-input-white9\">Date de souscription <span class=\"req\">*<\/span><\/label>\n\t\t\t<\/div>\n<\/div>\n<div class=\"col-12 col-md-6\">\n<div class=\"form-group\">\n\t\t\t\t<span class=\"wpcf7-form-control-wrap motif-resil\"><select name=\"motif-resil\" class=\"wpcf7-form-control wpcf7-select wpcf7-validates-as-required form-control\" id=\"sgnx-form-input-white10\" aria-required=\"true\" aria-invalid=\"false\"><option value=\"\">---<\/option><option value=\"R\u00e9siliation annuelle \u00e0 \u00e9ch\u00e9ance\">R\u00e9siliation annuelle \u00e0 \u00e9ch\u00e9ance<\/option><option value=\"R\u00e9siliation apr\u00e8s la premi\u00e8re ann\u00e9e du contrat\">R\u00e9siliation apr\u00e8s la premi\u00e8re ann\u00e9e du contrat<\/option><option value=\"R\u00e9siliation suite \u00e0 la vente ou donation du bien assur\u00e9\">R\u00e9siliation suite \u00e0 la vente ou donation du bien assur\u00e9<\/option><option value=\"R\u00e9siliation suite au d\u00e9c\u00e8s de l\u2019assur\u00e9\">R\u00e9siliation suite au d\u00e9c\u00e8s de l\u2019assur\u00e9<\/option><option value=\"R\u00e9siliation suite \u00e0 la perte totale du bien assur\u00e9\">R\u00e9siliation suite \u00e0 la perte totale du bien assur\u00e9<\/option><option value=\"R\u00e9siliation suite \u00e0 un changement de situation\">R\u00e9siliation suite \u00e0 un changement de situation<\/option><option value=\"Autre(s) motif(s)\">Autre(s) motif(s)<\/option><\/select><\/span><label for=\"sgnx-form-input-white10\">Motif de r\u00e9siliation <span class=\"req\">*<\/span><\/label>\n\t\t\t<\/div>\n<div data-id=\"group-changement-situation\" data-orig_data_id=\"group-changement-situation\" data-clear_on_hide data-class=\"wpcf7cf_group\">\n<div class=\"form-group\">\n\t\t\t\t<span class=\"wpcf7-form-control-wrap changement-situation\"><select name=\"changement-situation\" class=\"wpcf7-form-control wpcf7-select wpcf7-validates-as-required form-control\" id=\"sgnx-form-input-white11\" aria-required=\"true\" aria-invalid=\"false\"><option value=\"\">---<\/option><option value=\"Changement de domicile ou si\u00e8ge social de l\u2019entreprise\">Changement de domicile ou si\u00e8ge social de l\u2019entreprise<\/option><option value=\"Redressement ou liquidation judiciaire\">Redressement ou liquidation judiciaire<\/option><option value=\"Changement de situation matrimonial \/ r\u00e9gime matrimonial\">Changement de situation matrimonial \/ r\u00e9gime matrimonial<\/option><option value=\"Changement d\u2019activit\u00e9 professionnelle, d\u00e9part en retraite ou cessation d\u2019activit\u00e9 professionnelle\u2026\">Changement d\u2019activit\u00e9 professionnelle, d\u00e9part en retraite ou cessation d\u2019activit\u00e9 professionnelle\u2026<\/option><\/select><\/span><label for=\"sgnx-form-input-white11\">Votre changement de situation <span class=\"req\">*<\/span><\/label>\n\t\t\t<\/div>\n<\/div>\n<div data-id=\"group-autres\" data-orig_data_id=\"group-autres\"  data-class=\"wpcf7cf_group\">\n<div class=\"form-group\">\n\t\t\t\t<span class=\"wpcf7-form-control-wrap autre-motif\"><textarea name=\"autre-motif\" cols=\"40\" rows=\"7\" class=\"wpcf7-form-control wpcf7-textarea wpcf7-validates-as-required form-control\" id=\"sgnx-form-input-white12\" aria-required=\"true\" aria-invalid=\"false\"><\/textarea><\/span><label for=\"sgnx-form-input-white12\">Autre motif : pr\u00e9cisez <span class=\"req\">*<\/span><\/label>\n\t\t\t<\/div>\n<\/div>\n<div class=\"form-group\">\n\t\t\t\t<span class=\"wpcf7-form-control-wrap commentaire\"><textarea name=\"commentaire\" cols=\"40\" rows=\"7\" class=\"wpcf7-form-control wpcf7-textarea form-control\" id=\"sgnx-form-input-white13\" aria-invalid=\"false\"><\/textarea><\/span><label for=\"sgnx-form-input-white13\">Commentaire<\/label>\n\t\t\t<\/div>\n<div class=\"form-group form-group-date\">\n\t\t\t\t<span class=\"wpcf7-form-control-wrap date-event\"><input type=\"date\" name=\"date-event\" value=\"\" class=\"wpcf7-form-control wpcf7-date wpcf7-validates-as-required wpcf7-validates-as-date form-control\" id=\"sgnx-form-input-white14\" max=\"2026-04-12\" aria-required=\"true\" aria-invalid=\"false\" \/><\/span><label for=\"sgnx-form-input-white14\">Date de l\u2019\u00e9v\u00e8nement donnant lieu \u00e0 la r\u00e9siliation <span class=\"req\">*<\/span><\/label>\n\t\t\t<\/div>\n<\/div>\n<div class=\"col-12\">\n<h3 class=\"h5\">Pi\u00e8ces \u00e0 fournir<\/h3>\n<div data-id=\"group-nothing\" data-orig_data_id=\"group-nothing\"  data-class=\"wpcf7cf_group\">\nPas de justificatif \u00e0 fournir\n<\/div>\n<div data-id=\"group-un-an\" data-orig_data_id=\"group-un-an\"  data-class=\"wpcf7cf_group\">\nAttention, la demande doit \u00e9maner de la nouvelle compagnie pour tous les contrats Auto\/2-3 roues\/Multi risque habitation si locataire\n<\/div>\n<div data-id=\"group-vente\" data-orig_data_id=\"group-vente\"  data-class=\"wpcf7cf_group\">\n<ul>\n<li>Copie du justificatif de vente du v\u00e9hicule<\/li>\n<li>Copie de la d\u00e9claration de cession du v\u00e9hicule<\/li>\n<li>Copie de l\u2019attestation de vente immobili\u00e8re<\/li>\n<li>Copie de la r\u00e9siliation du bail<\/li>\n<ul>\n<\/div>\n<div data-id=\"group-deces\" data-orig_data_id=\"group-deces\"  data-class=\"wpcf7cf_group\">\n<ul>\n<li>Certificat de d\u00e9c\u00e8s de l\u2019assur\u00e9<\/li>\n<li>Certificat d\u2019h\u00e9r\u00e9dit\u00e9 (acte notari\u00e9)<\/li>\n<\/ul>\n<\/div>\n<div data-id=\"group-perte\" data-orig_data_id=\"group-perte\"  data-class=\"wpcf7cf_group\">\n<ul>\n<li>Justificatifs d\u00e9montrant la perte du bien (certificat de d\u00e9c\u00e8s d\u2019un animal, justificatif de vol\u2026)<\/li>\n<\/ul>\n<\/div>\n<div data-id=\"group-changement-adresse\" data-orig_data_id=\"group-changement-adresse\"  data-class=\"wpcf7cf_group\">\n<ul>\n<li>Justificatif de domicile<\/li>\n<li>Kbis<\/li>\n<\/ul>\n<\/div>\n<div data-id=\"group-changement-matrimonial\" data-orig_data_id=\"group-changement-matrimonial\"  data-class=\"wpcf7cf_group\">\n<ul>\n<li>Livret de famille<\/li>\n<li>Contrat de mariage<\/li>\n<\/ul>\n<\/div>\n<div data-id=\"group-changement-pro\" data-orig_data_id=\"group-changement-pro\"  data-class=\"wpcf7cf_group\">\n<ul>\n<li>Contrat de travail\/inscription p\u00f4le emploi...<\/li>\n<\/ul>\n<\/div>\n<div data-id=\"group-changement\" data-orig_data_id=\"group-changement\"  data-class=\"wpcf7cf_group\">\nAttention, pour \u00eatre recevable le changement de situation doit avoir sur incidence sur le contrat.\n<\/div>\n<p>\t<span class=\"wpcf7-form-control-wrap upload-file-justif\"><input type=\"file\" size=\"40\" class=\"wpcf7-form-control wpcf7-drag-n-drop-file d-none\" aria-invalid=\"false\" multiple=\"multiple\" data-name=\"upload-file-justif\" data-type=\"jpeg|jpg|png|pdf\" data-limit=\"5242880\" data-max=\"10\" data-id=\"2895\" accept=\".jpeg, .jpg, .png, .pdf\" \/><\/span>\n<\/p><\/div>\n<\/div>\n<\/div>\n<div class=\"cf7mls-btns\"><button type=\"button\" class=\"cf7mls_next cf7mls_btn action-button\" name=\"cf7mls_next\" id=\"cf7mls-next-btn-cf7mls_step-1\">Valider<img src=\"https:\/\/www.datastore-3.com\/netvox-courtier-2\/wp-content\/plugins\/cf7-multi-step\/assets\/frontend\/img\/loader.svg\" alt=\"\" data-lazy-src=\"https:\/\/www.datastore-3.com\/netvox-courtier-2\/wp-content\/plugins\/cf7-multi-step\/assets\/frontend\/img\/loader.svg\" style=\"display: none;\" \/><\/button><\/div><p><\/p><\/fieldset><fieldset class=\"fieldset-cf7mls\">\n<div id=\"recap-container\"><\/div>\n<div class=\"text-center\"><input type=\"submit\" value=\"Confirmer ma demande de r\u00e9siliation\" class=\"wpcf7-form-control wpcf7-submit vc_btn3 vc_btn3-size-md vc_btn3-shape-square vc_general vc_btn3-style-flat vc_btn3-color-sgnx-primary\" \/><\/div>\n<p><button type=\"button\" class=\"cf7mls_back action-button\" name=\"cf7mls_back\" id=\"cf7mls-back-btn-cf7mls_step-2\">Modifier ma demande<\/button><button type=\"button\" style=\"display: none;\" class=\"cf7mls_next cf7mls_btn action-button\" name=\"cf7mls_next\" id=\"cf7mls-next-btn-cf7mls_step-2\"><img src=\"https:\/\/www.datastore-3.com\/netvox-courtier-2\/wp-content\/plugins\/cf7-multi-step\/assets\/frontend\/img\/loader.svg\" alt=\"\" data-lazy-src=\"https:\/\/www.datastore-3.com\/netvox-courtier-2\/wp-content\/plugins\/cf7-multi-step\/assets\/frontend\/img\/loader.svg\" style=\"display: none;\" \/><\/button><\/p>\n<\/fieldset><\/div><input type='hidden' class='wpcf7-pum' value='{\"closepopup\":false,\"closedelay\":0,\"openpopup\":false,\"openpopup_id\":0}' \/><div class=\"wpcf7-response-output\" aria-hidden=\"true\"><\/div><\/form><\/div>[\/vc_column_inner][\/vc_row_inner][sgnx_spacer spacer_size=\u00a0\u00bbsgnx-spacer&#8211;lg\u00a0\u00bb][\/vc_column][\/vc_row]<\/p>\n","protected":false},"excerpt":{"rendered":"<p>[vc_row full_width=\u00a0\u00bbstretch_row\u00a0\u00bb custom_svg_color=\u00a0\u00bb#ffffff\u00a0\u00bb el_class=\u00a0\u00bbsgnx-page-header\u00a0\u00bb css=\u00a0\u00bb.vc_custom_1604589210698{background-image: url(http:\/\/www.datastore-3.com\/netvox-courtier-2\/wp-content\/uploads\/2020\/09\/header-contact.jpg?id=387) !important;background-position: center !important;background-repeat: no-repeat !important;background-size: cover !important;}\u00a0\u00bb][vc_column][vc_custom_heading source=\u00a0\u00bbpost_title\u00a0\u00bb font_container=\u00a0\u00bbtag:h1|text_align:left|color:%23ffffff\u00a0\u00bb use_theme_fonts=\u00a0\u00bbyes\u00a0\u00bb el_class=\u00a0\u00bbsgnx-ttu\u00a0\u00bb][\/vc_column][\/vc_row][vc_row full_width=\u00a0\u00bbstretch_row\u00a0\u00bb custom_svg_color=\u00a0\u00bb#efefef\u00a0\u00bb][vc_column][sgnx_breadcrumb el_class=\u00a0\u00bbsgnx-breadcrumb-mneg\u00a0\u00bb][sgnx_spacer spacer_size=\u00a0\u00bbsgnx-spacer&#8211;md\u00a0\u00bb][vc_row_inner el_class=\u00a0\u00bbbg-light\u00a0\u00bb css=\u00a0\u00bb.vc_custom_1691767764921{padding-top: 30px !important;padding-right: 40px !important;padding-bottom: 30px !important;padding-left: 40px !important;}\u00a0\u00bb][vc_column_inner][vc_custom_heading text=\u00a0\u00bbR\u00e9siliation\u00a0\u00bb use_theme_fonts=\u00a0\u00bbyes\u00a0\u00bb][\/vc_column_inner][\/vc_row_inner][sgnx_spacer spacer_size=\u00a0\u00bbsgnx-spacer&#8211;lg\u00a0\u00bb][\/vc_column][\/vc_row]<\/p>\n","protected":false},"author":1,"featured_media":0,"parent":0,"menu_order":0,"comment_status":"closed","ping_status":"closed","template":"","meta":[],"yoast_head":"<!-- This site is optimized with the Yoast SEO plugin v16.2 - https:\/\/yoast.com\/wordpress\/plugins\/seo\/ -->\n<title>R\u00e9silier votre contrat - Netvox - Courtier 2<\/title>\n<meta name=\"robots\" content=\"index, follow, max-snippet:-1, max-image-preview:large, max-video-preview:-1\" \/>\n<link rel=\"canonical\" href=\"https:\/\/www.datastore-3.com\/netvox-courtier-2\/resilier-votre-contrat\/\" \/>\n<meta property=\"og:locale\" content=\"fr_FR\" \/>\n<meta property=\"og:type\" content=\"article\" \/>\n<meta property=\"og:title\" content=\"R\u00e9silier votre contrat - Netvox - Courtier 2\" \/>\n<meta property=\"og:description\" content=\"[vc_row full_width=\u00a0\u00bbstretch_row\u00a0\u00bb custom_svg_color=\u00a0\u00bb#ffffff\u00a0\u00bb el_class=\u00a0\u00bbsgnx-page-header\u00a0\u00bb css=\u00a0\u00bb.vc_custom_1604589210698{background-image: url(http:\/\/www.datastore-3.com\/netvox-courtier-2\/wp-content\/uploads\/2020\/09\/header-contact.jpg?id=387) !important;background-position: center !important;background-repeat: no-repeat !important;background-size: cover !important;}\u00a0\u00bb][vc_column][vc_custom_heading source=\u00a0\u00bbpost_title\u00a0\u00bb font_container=\u00a0\u00bbtag:h1|text_align:left|color:%23ffffff\u00a0\u00bb use_theme_fonts=\u00a0\u00bbyes\u00a0\u00bb el_class=\u00a0\u00bbsgnx-ttu\u00a0\u00bb][\/vc_column][\/vc_row][vc_row full_width=\u00a0\u00bbstretch_row\u00a0\u00bb custom_svg_color=\u00a0\u00bb#efefef\u00a0\u00bb][vc_column][sgnx_breadcrumb el_class=\u00a0\u00bbsgnx-breadcrumb-mneg\u00a0\u00bb][sgnx_spacer spacer_size=\u00a0\u00bbsgnx-spacer&#8211;md\u00a0\u00bb][vc_row_inner el_class=\u00a0\u00bbbg-light\u00a0\u00bb css=\u00a0\u00bb.vc_custom_1691767764921{padding-top: 30px !important;padding-right: 40px !important;padding-bottom: 30px !important;padding-left: 40px !important;}\u00a0\u00bb][vc_column_inner][vc_custom_heading text=\u00a0\u00bbR\u00e9siliation\u00a0\u00bb use_theme_fonts=\u00a0\u00bbyes\u00a0\u00bb][\/vc_column_inner][\/vc_row_inner][sgnx_spacer spacer_size=\u00a0\u00bbsgnx-spacer&#8211;lg\u00a0\u00bb][\/vc_column][\/vc_row]\" \/>\n<meta property=\"og:url\" content=\"https:\/\/www.datastore-3.com\/netvox-courtier-2\/resilier-votre-contrat\/\" \/>\n<meta property=\"og:site_name\" content=\"Netvox - Courtier 2\" \/>\n<meta property=\"article:modified_time\" content=\"2023-08-11T15:29:51+00:00\" \/>\n<meta name=\"twitter:card\" content=\"summary_large_image\" \/>\n<meta name=\"twitter:label1\" content=\"Dur\u00e9e de lecture est.\">\n\t<meta name=\"twitter:data1\" content=\"1 minute\">\n<script type=\"application\/ld+json\" class=\"yoast-schema-graph\">{\"@context\":\"https:\/\/schema.org\",\"@graph\":[{\"@type\":\"WebSite\",\"@id\":\"https:\/\/www.datastore-3.com\/netvox-courtier-2\/#website\",\"url\":\"https:\/\/www.datastore-3.com\/netvox-courtier-2\/\",\"name\":\"Netvox - Courtier 2\",\"description\":\"Site courtier : template 2\",\"potentialAction\":[{\"@type\":\"SearchAction\",\"target\":\"https:\/\/www.datastore-3.com\/netvox-courtier-2\/?s={search_term_string}\",\"query-input\":\"required name=search_term_string\"}],\"inLanguage\":\"fr-FR\"},{\"@type\":\"WebPage\",\"@id\":\"https:\/\/www.datastore-3.com\/netvox-courtier-2\/resilier-votre-contrat\/#webpage\",\"url\":\"https:\/\/www.datastore-3.com\/netvox-courtier-2\/resilier-votre-contrat\/\",\"name\":\"R\\u00e9silier votre contrat - Netvox - Courtier 2\",\"isPartOf\":{\"@id\":\"https:\/\/www.datastore-3.com\/netvox-courtier-2\/#website\"},\"datePublished\":\"2023-08-11T15:21:23+00:00\",\"dateModified\":\"2023-08-11T15:29:51+00:00\",\"breadcrumb\":{\"@id\":\"https:\/\/www.datastore-3.com\/netvox-courtier-2\/resilier-votre-contrat\/#breadcrumb\"},\"inLanguage\":\"fr-FR\",\"potentialAction\":[{\"@type\":\"ReadAction\",\"target\":[\"https:\/\/www.datastore-3.com\/netvox-courtier-2\/resilier-votre-contrat\/\"]}]},{\"@type\":\"BreadcrumbList\",\"@id\":\"https:\/\/www.datastore-3.com\/netvox-courtier-2\/resilier-votre-contrat\/#breadcrumb\",\"itemListElement\":[{\"@type\":\"ListItem\",\"position\":1,\"item\":{\"@type\":\"WebPage\",\"@id\":\"https:\/\/www.datastore-3.com\/netvox-courtier-2\/\",\"url\":\"https:\/\/www.datastore-3.com\/netvox-courtier-2\/\",\"name\":\"home\"}},{\"@type\":\"ListItem\",\"position\":2,\"item\":{\"@id\":\"https:\/\/www.datastore-3.com\/netvox-courtier-2\/resilier-votre-contrat\/#webpage\"}}]}]}<\/script>\n<!-- \/ Yoast SEO plugin. -->","_links":{"self":[{"href":"https:\/\/www.datastore-3.com\/netvox-courtier-2\/wp-json\/wp\/v2\/pages\/2896"}],"collection":[{"href":"https:\/\/www.datastore-3.com\/netvox-courtier-2\/wp-json\/wp\/v2\/pages"}],"about":[{"href":"https:\/\/www.datastore-3.com\/netvox-courtier-2\/wp-json\/wp\/v2\/types\/page"}],"author":[{"embeddable":true,"href":"https:\/\/www.datastore-3.com\/netvox-courtier-2\/wp-json\/wp\/v2\/users\/1"}],"replies":[{"embeddable":true,"href":"https:\/\/www.datastore-3.com\/netvox-courtier-2\/wp-json\/wp\/v2\/comments?post=2896"}],"version-history":[{"count":4,"href":"https:\/\/www.datastore-3.com\/netvox-courtier-2\/wp-json\/wp\/v2\/pages\/2896\/revisions"}],"predecessor-version":[{"id":2900,"href":"https:\/\/www.datastore-3.com\/netvox-courtier-2\/wp-json\/wp\/v2\/pages\/2896\/revisions\/2900"}],"wp:attachment":[{"href":"https:\/\/www.datastore-3.com\/netvox-courtier-2\/wp-json\/wp\/v2\/media?parent=2896"}],"curies":[{"name":"wp","href":"https:\/\/api.w.org\/{rel}","templated":true}]}}